{"id":50365,"date":"2023-08-15T09:51:38","date_gmt":"2023-08-15T06:51:38","guid":{"rendered":"https:\/\/blog.airbaltic.com\/etusivu\/"},"modified":"2026-03-14T16:30:26","modified_gmt":"2026-03-14T14:30:26","slug":"etusivu","status":"publish","type":"page","link":"https:\/\/blog.airbaltic.com\/fi\/","title":{"rendered":"Etusivu"},"content":{"rendered":"","protected":false},"excerpt":{"rendered":"","protected":false},"author":1,"featured_media":0,"parent":0,"menu_order":0,"comment_status":"closed","ping_status":"closed","template":"views\/template-home.blade.php","meta":{"_acf_changed":false,"footnotes":""},"acf":[],"yoast_head":"<!-- This site is optimized with the Yoast SEO plugin v22.5 - https:\/\/yoast.com\/wordpress\/plugins\/seo\/ -->\n<title>Etusivu - airBaltic blog<\/title>\n<meta name=\"description\" content=\"Olemme ker\u00e4nneet airBalticin blogiin tarinoita suosituista ja hieman tuntemattomammista paikoista eri puolilta maailmaa, hy\u00f6dyllisi\u00e4 vinkkej\u00e4 ja niksej\u00e4, joita kannattaa hy\u00f6dynt\u00e4\u00e4 matkalla.\" \/>\n<meta name=\"robots\" content=\"index, follow, max-snippet:-1, max-image-preview:large, max-video-preview:-1\" \/>\n<link rel=\"canonical\" href=\"https:\/\/blog.airbaltic.com\/fi\/\" \/>\n<meta property=\"og:locale\" content=\"fi_FI\" \/>\n<meta property=\"og:type\" content=\"article\" \/>\n<meta property=\"og:title\" content=\"Etusivu - airBaltic blog\" \/>\n<meta property=\"og:description\" content=\"Olemme ker\u00e4nneet airBalticin blogiin tarinoita suosituista ja hieman tuntemattomammista paikoista eri puolilta maailmaa, hy\u00f6dyllisi\u00e4 vinkkej\u00e4 ja niksej\u00e4, joita kannattaa hy\u00f6dynt\u00e4\u00e4 matkalla.\" \/>\n<meta property=\"og:url\" content=\"https:\/\/blog.airbaltic.com\/fi\/\" \/>\n<meta property=\"og:site_name\" content=\"airBaltic blog\" \/>\n<meta property=\"article:publisher\" content=\"https:\/\/www.facebook.com\/airBaltic\" \/>\n<meta property=\"article:modified_time\" content=\"2026-03-14T14:30:26+00:00\" \/>\n<meta name=\"twitter:card\" content=\"summary_large_image\" \/>\n<meta name=\"twitter:site\" content=\"@airBaltic\" \/>\n<script type=\"application\/ld+json\" class=\"yoast-schema-graph\">{\"@context\":\"https:\/\/schema.org\",\"@graph\":[{\"@type\":\"WebPage\",\"@id\":\"https:\/\/blog.airbaltic.com\/fi\/\",\"url\":\"https:\/\/blog.airbaltic.com\/fi\/\",\"name\":\"Etusivu - airBaltic blog\",\"isPartOf\":{\"@id\":\"https:\/\/blog.airbaltic.com\/fi\/#website\"},\"datePublished\":\"2023-08-15T06:51:38+00:00\",\"dateModified\":\"2026-03-14T14:30:26+00:00\",\"description\":\"Olemme ker\u00e4nneet airBalticin blogiin tarinoita suosituista ja hieman tuntemattomammista paikoista eri puolilta maailmaa, hy\u00f6dyllisi\u00e4 vinkkej\u00e4 ja niksej\u00e4, joita kannattaa hy\u00f6dynt\u00e4\u00e4 matkalla.\",\"breadcrumb\":{\"@id\":\"https:\/\/blog.airbaltic.com\/fi\/#breadcrumb\"},\"inLanguage\":\"fi\",\"potentialAction\":[{\"@type\":\"ReadAction\",\"target\":[\"https:\/\/blog.airbaltic.com\/fi\/\"]}]},{\"@type\":\"BreadcrumbList\",\"@id\":\"https:\/\/blog.airbaltic.com\/fi\/#breadcrumb\",\"itemListElement\":[{\"@type\":\"ListItem\",\"position\":1,\"name\":\"Home\",\"item\":\"https:\/\/blog.airbaltic.com\/fi\/\"},{\"@type\":\"ListItem\",\"position\":2,\"name\":\"Etusivu\"}]},{\"@type\":\"WebSite\",\"@id\":\"https:\/\/blog.airbaltic.com\/fi\/#website\",\"url\":\"https:\/\/blog.airbaltic.com\/fi\/\",\"name\":\"airBaltic blog\",\"description\":\"\",\"potentialAction\":[{\"@type\":\"SearchAction\",\"target\":{\"@type\":\"EntryPoint\",\"urlTemplate\":\"https:\/\/blog.airbaltic.com\/fi\/?s={search_term_string}\"},\"query-input\":\"required name=search_term_string\"}],\"inLanguage\":\"fi\"}]}<\/script>\n<!-- \/ Yoast SEO plugin. -->","yoast_head_json":{"title":"Etusivu - airBaltic blog","description":"Olemme ker\u00e4nneet airBalticin blogiin tarinoita suosituista ja hieman tuntemattomammista paikoista eri puolilta maailmaa, hy\u00f6dyllisi\u00e4 vinkkej\u00e4 ja niksej\u00e4, joita kannattaa hy\u00f6dynt\u00e4\u00e4 matkalla.","robots":{"index":"index","follow":"follow","max-snippet":"max-snippet:-1","max-image-preview":"max-image-preview:large","max-video-preview":"max-video-preview:-1"},"canonical":"https:\/\/blog.airbaltic.com\/fi\/","og_locale":"fi_FI","og_type":"article","og_title":"Etusivu - airBaltic blog","og_description":"Olemme ker\u00e4nneet airBalticin blogiin tarinoita suosituista ja hieman tuntemattomammista paikoista eri puolilta maailmaa, hy\u00f6dyllisi\u00e4 vinkkej\u00e4 ja niksej\u00e4, joita kannattaa hy\u00f6dynt\u00e4\u00e4 matkalla.","og_url":"https:\/\/blog.airbaltic.com\/fi\/","og_site_name":"airBaltic blog","article_publisher":"https:\/\/www.facebook.com\/airBaltic","article_modified_time":"2026-03-14T14:30:26+00:00","twitter_card":"summary_large_image","twitter_site":"@airBaltic","schema":{"@context":"https:\/\/schema.org","@graph":[{"@type":"WebPage","@id":"https:\/\/blog.airbaltic.com\/fi\/","url":"https:\/\/blog.airbaltic.com\/fi\/","name":"Etusivu - airBaltic blog","isPartOf":{"@id":"https:\/\/blog.airbaltic.com\/fi\/#website"},"datePublished":"2023-08-15T06:51:38+00:00","dateModified":"2026-03-14T14:30:26+00:00","description":"Olemme ker\u00e4nneet airBalticin blogiin tarinoita suosituista ja hieman tuntemattomammista paikoista eri puolilta maailmaa, hy\u00f6dyllisi\u00e4 vinkkej\u00e4 ja niksej\u00e4, joita kannattaa hy\u00f6dynt\u00e4\u00e4 matkalla.","breadcrumb":{"@id":"https:\/\/blog.airbaltic.com\/fi\/#breadcrumb"},"inLanguage":"fi","potentialAction":[{"@type":"ReadAction","target":["https:\/\/blog.airbaltic.com\/fi\/"]}]},{"@type":"BreadcrumbList","@id":"https:\/\/blog.airbaltic.com\/fi\/#breadcrumb","itemListElement":[{"@type":"ListItem","position":1,"name":"Home","item":"https:\/\/blog.airbaltic.com\/fi\/"},{"@type":"ListItem","position":2,"name":"Etusivu"}]},{"@type":"WebSite","@id":"https:\/\/blog.airbaltic.com\/fi\/#website","url":"https:\/\/blog.airbaltic.com\/fi\/","name":"airBaltic blog","description":"","potentialAction":[{"@type":"SearchAction","target":{"@type":"EntryPoint","urlTemplate":"https:\/\/blog.airbaltic.com\/fi\/?s={search_term_string}"},"query-input":"required name=search_term_string"}],"inLanguage":"fi"}]}},"_links":{"self":[{"href":"https:\/\/blog.airbaltic.com\/fi\/wp-json\/wp\/v2\/pages\/50365"}],"collection":[{"href":"https:\/\/blog.airbaltic.com\/fi\/wp-json\/wp\/v2\/pages"}],"about":[{"href":"https:\/\/blog.airbaltic.com\/fi\/wp-json\/wp\/v2\/types\/page"}],"author":[{"embeddable":true,"href":"https:\/\/blog.airbaltic.com\/fi\/wp-json\/wp\/v2\/users\/1"}],"replies":[{"embeddable":true,"href":"https:\/\/blog.airbaltic.com\/fi\/wp-json\/wp\/v2\/comments?post=50365"}],"version-history":[{"count":73,"href":"https:\/\/blog.airbaltic.com\/fi\/wp-json\/wp\/v2\/pages\/50365\/revisions"}],"predecessor-version":[{"id":67131,"href":"https:\/\/blog.airbaltic.com\/fi\/wp-json\/wp\/v2\/pages\/50365\/revisions\/67131"}],"wp:attachment":[{"href":"https:\/\/blog.airbaltic.com\/fi\/wp-json\/wp\/v2\/media?parent=50365"}],"curies":[{"name":"wp","href":"https:\/\/api.w.org\/{rel}","templated":true}]}}